{"id":117,"date":"2024-06-14T21:16:02","date_gmt":"2024-06-14T19:16:02","guid":{"rendered":"http:\/\/deepdef.quaglia.fr\/?page_id=117"},"modified":"2024-06-19T11:18:45","modified_gmt":"2024-06-19T09:18:45","slug":"test-wpbakery","status":"publish","type":"page","link":"https:\/\/deepdef.quaglia.fr\/","title":{"rendered":"Home"},"content":{"rendered":"<div class=\"wpb-content-wrapper\">[vc_row][vc_column][vc_column_text css=&#8221;.vc_custom_1718402902094{padding-top: 5% !important;padding-bottom: 5% !important;}&#8221;]<a id=\"top\"><\/a>[\/vc_column_text][vc_single_image image=&#8221;26&#8243; img_size=&#8221;full&#8221; css=&#8221;&#8221;][vc_column_text css=&#8221;&#8221;]\n<div id=\"comp-kwdsne8j\" class=\"HcOXKn c9GqVL QxJLC3 comp-kwdsne8j wixui-rich-text\" data-testid=\"richTextElement\">\n<h2 class=\"font_6 wixui-rich-text__text\" style=\"text-align: left;\"><span class=\"wixui-rich-text__text\" style=\"font-size: 100%; color: #000000;\">La mission de Deepdef est de fa\u00e7onner des SI \u00e0 l\u2019\u00e9preuve des cyberattaques.<\/span><\/h2>\n<p>&nbsp;<\/p>\n<\/div>\n<div id=\"comp-l3rxc1du\" class=\"HcOXKn c9GqVL QxJLC3 comp-l3rxc1du wixui-rich-text\" data-testid=\"richTextElement\">\n<p class=\"font_7 wixui-rich-text__text\" style=\"text-align: left;\"><span class=\"wixui-rich-text__text\" style=\"color: #000000;\">Sp\u00e9cialis\u00e9s dans les environnements clouds et hybrides, nous proposons une offre de s\u00e9curisation globale allant de l\u2019alignement de la strat\u00e9gie cyber jusqu\u2019aux services de s\u00e9curit\u00e9 manag\u00e9s.<\/span><\/p>\n<\/div>\n[\/vc_column_text][\/vc_column][\/vc_row][vc_row][vc_column][\/vc_column][\/vc_row][vc_row css=&#8221;.vc_custom_1718395901337{margin-top: 5% !important;margin-bottom: 5% !important;}&#8221;][vc_column][vc_btn title=&#8221;D\u00e9couvrir nos offres&#8221; style=&#8221;outline&#8221; shape=&#8221;square&#8221; color=&#8221;inverse&#8221; size=&#8221;lg&#8221; css=&#8221;&#8221; link=&#8221;url:%23nosoffres&#8221;][\/vc_column][\/vc_row][vc_row full_width=&#8221;stretch_row&#8221; css=&#8221;.vc_custom_1718395821830{background-color: #e0dee8 !important;}&#8221;][vc_column width=&#8221;1\/3&#8243;][vc_single_image image=&#8221;42&#8243; img_size=&#8221;full&#8221; style=&#8221;vc_box_border&#8221; onclick=&#8221;zoom&#8221; css_animation=&#8221;bounceInLeft&#8221; css=&#8221;&#8221;][\/vc_column][vc_column width=&#8221;1\/3&#8243;][vc_single_image image=&#8221;43&#8243; img_size=&#8221;full&#8221; style=&#8221;vc_box_border&#8221; onclick=&#8221;zoom&#8221; css_animation=&#8221;bounceInLeft&#8221; css=&#8221;&#8221;][\/vc_column][vc_column width=&#8221;1\/3&#8243;][vc_single_image image=&#8221;41&#8243; img_size=&#8221;full&#8221; style=&#8221;vc_box_border&#8221; onclick=&#8221;zoom&#8221; css_animation=&#8221;bounceInLeft&#8221; css=&#8221;&#8221;][\/vc_column][\/vc_row][vc_row full_width=&#8221;stretch_row&#8221;][vc_column][vc_column_text css=&#8221;.vc_custom_1718398094166{padding-top: 6% !important;padding-bottom: 6% !important;}&#8221;]\n<h1><a id=\"nosoffres\"><\/a><\/h1>\n<h1><\/h1>\n[\/vc_column_text][vc_column_text css=&#8221;&#8221;]\n<h1><span style=\"font-size: 140%; color: #000000;\"><strong>&gt;&gt; NOS OFFRES<\/strong><\/span><\/h1>\n[\/vc_column_text][vc_column_text css=&#8221;&#8221;]\n<div id=\"comp-kwdsne8j\" class=\"HcOXKn c9GqVL QxJLC3 comp-kwdsne8j wixui-rich-text\" data-testid=\"richTextElement\">\n<div id=\"comp-kwklihin\" class=\"HcOXKn c9GqVL QxJLC3 comp-kwklihin wixui-rich-text\" data-testid=\"richTextElement\">\n<p class=\"font_8 wixui-rich-text__text\"><span style=\"color: #000000;\">Deepdef vous accompagne dans la strat\u00e9gie de s\u00e9curisation de votre syst\u00e8me d&#8217;information en appliquant les principes de d\u00e9fense en profondeur et de Zero trust. Nos offres correspondent aux 5 grandes \u00e9tapes de s\u00e9curisation de bout en bout d&#8217;un SI.<\/span><\/p>\n<\/div>\n<div id=\"comp-l3iuqeqj\" class=\"HcOXKn c9GqVL QxJLC3 comp-l3iuqeqj wixui-rich-text\" data-testid=\"richTextElement\">\n<h5 class=\"font_5 wixui-rich-text__text\"><span style=\"color: #000000;\"><span class=\"color_35 wixui-rich-text__text\"><span class=\"wixui-rich-text__text\">NOTRE D<\/span><\/span><span class=\"wixui-rich-text__text\"><span class=\"color_35 wixui-rich-text__text\">\u00c9MARCHE EST PRAGMATIQUE, \u00c9PROUV\u00c9E ET ADAPTABLE.\u00a0<\/span><\/span><\/span><\/h5>\n<\/div>\n<\/div>\n[\/vc_column_text][vc_single_image image=&#8221;50&#8243; img_size=&#8221;full&#8221; css=&#8221;&#8221;][\/vc_column][\/vc_row][vc_row full_width=&#8221;stretch_row&#8221;][vc_column][\/vc_column][\/vc_row][vc_row full_width=&#8221;stretch_row&#8221; css=&#8221;.vc_custom_1718397249436{background-color: #e0dee8 !important;}&#8221;][vc_column css=&#8221;.vc_custom_1718397521127{padding-right: 5% !important;padding-left: 5% !important;}&#8221;][vc_column_text css=&#8221;.vc_custom_1718404004840{padding-top: 6% !important;padding-bottom: 6% !important;}&#8221;]\n<h1><a id=\"chiffres\"><\/a><\/h1>\n<h1><\/h1>\n[\/vc_column_text][vc_column_text css=&#8221;&#8221;]\n<h1><span style=\"font-size: 140%; color: #000000;\"><strong>&gt;&gt; EN QUELQUES CHIFFRES<\/strong><\/span><\/h1>\n[\/vc_column_text][vc_column_text css=&#8221;&#8221;]\n<div id=\"comp-kwdsne8j\" class=\"HcOXKn c9GqVL QxJLC3 comp-kwdsne8j wixui-rich-text\" data-testid=\"richTextElement\">\n<div id=\"comp-kwklihin\" class=\"HcOXKn c9GqVL QxJLC3 comp-kwklihin wixui-rich-text\" data-testid=\"richTextElement\">\n<p class=\"font_8 wixui-rich-text__text\"><span style=\"color: #000000;\">Pure player en cybers\u00e9curit\u00e9, Deepdef accompagne ses clients dans la s\u00e9curisation de leurs environnements pour leur permettre de conduire leur transformation digitale en toute confiance<\/span><\/p>\n<\/div>\n<\/div>\n[\/vc_column_text][\/vc_column][\/vc_row][vc_row full_width=&#8221;stretch_row&#8221; css=&#8221;.vc_custom_1718397249436{background-color: #e0dee8 !important;}&#8221;][vc_column width=&#8221;1\/4&#8243; css=&#8221;.vc_custom_1718397521127{padding-right: 5% !important;padding-left: 5% !important;}&#8221;][vc_cta h2=&#8221;95%&#8221; h4=&#8221;de missions r\u00e9alis\u00e9es au forfait&#8221; shape=&#8221;square&#8221; color=&#8221;white&#8221; css=&#8221;.vc_custom_1718397264463{background-color: #000000 !important;}&#8221;][\/vc_cta][vc_btn title=&#8221;D\u00e9couvrir nos offres&#8221; style=&#8221;outline&#8221; shape=&#8221;square&#8221; color=&#8221;inverse&#8221; size=&#8221;lg&#8221; css=&#8221;&#8221; link=&#8221;url:%23nosoffres&#8221;][\/vc_column][vc_column width=&#8221;1\/4&#8243; css=&#8221;.vc_custom_1718397543090{padding-right: 5% !important;padding-left: 5% !important;}&#8221;][vc_cta h2=&#8221;15 ans&#8221; h4=&#8221;d&#8217;exp\u00e9rience en SSI&#8221; shape=&#8221;square&#8221; color=&#8221;black&#8221; css=&#8221;.vc_custom_1718397583565{background-color: rgba(0,0,0,0.01) !important;*background-color: rgb(0,0,0) !important;border-color: #000000 !important;}&#8221;][\/vc_cta][\/vc_column][vc_column width=&#8221;1\/4&#8243; css=&#8221;.vc_custom_1718397547831{padding-right: 5% !important;padding-left: 5% !important;}&#8221;][vc_cta h2=&#8221;100%&#8221; h4=&#8221;d&#8217;ing\u00e9nieurs certifi\u00e9s (ISO 27001, MS-500,..)&#8221; shape=&#8221;square&#8221; color=&#8221;white&#8221; css=&#8221;.vc_custom_1718397375711{background-color: #000000 !important;}&#8221;][\/vc_cta][\/vc_column][vc_column width=&#8221;1\/4&#8243; css=&#8221;.vc_custom_1718397553402{padding-right: 5% !important;padding-left: 5% !important;}&#8221;][vc_cta h2=&#8221;40&#8243; h4=&#8221;audits de tenants \u00e0 la recherche de compromissions actives&#8221; shape=&#8221;square&#8221; color=&#8221;black&#8221; css=&#8221;.vc_custom_1718397594236{background-color: rgba(0,0,0,0.01) !important;*background-color: rgb(0,0,0) !important;border-color: #000000 !important;}&#8221;][\/vc_cta][\/vc_column][\/vc_row][vc_row full_width=&#8221;stretch_row&#8221; css=&#8221;.vc_custom_1718401295678{background-color: #000000 !important;}&#8221;][vc_column][vc_column_text css=&#8221;.vc_custom_1718404509540{border-bottom-width: 4% !important;}&#8221;]\n<h1><a id=\"clients\"><\/a><\/h1>\n<h1><\/h1>\n[\/vc_column_text][vc_column_text css=&#8221;&#8221;]\n<h1 style=\"text-align: left;\"><span style=\"font-size: 140%; color: #ffffff;\"><strong>WE MAKE THEM STRONGER \u00a0 \u00a0 \u00a0 &lt;&lt;<\/strong><\/span><\/h1>\n[\/vc_column_text][vc_single_image image=&#8221;195&#8243; img_size=&#8221;full&#8221; css=&#8221;&#8221;][\/vc_column][\/vc_row][vc_row full_width=&#8221;stretch_row&#8221;][vc_column][vc_column_text css=&#8221;.vc_custom_1718404541230{border-bottom-width: 4% !important;}&#8221;]<a id=\"partenaires\"><\/a>[\/vc_column_text][vc_column_text css=&#8221;&#8221;]\n<h1 style=\"text-align: left;\"><span style=\"font-size: 140%; color: #000000;\"><strong>&gt;&gt; PARTENAIRES STRAT\u00c9GIQUES<\/strong><\/span><\/h1>\n[\/vc_column_text][\/vc_column][\/vc_row][vc_row full_width=&#8221;stretch_row_content&#8221;][vc_column width=&#8221;1\/4&#8243;][\/vc_column][vc_column width=&#8221;1\/4&#8243;][vc_single_image image=&#8221;214&#8243; img_size=&#8221;full&#8221; css=&#8221;&#8221;][\/vc_column][vc_column width=&#8221;1\/4&#8243;][vc_single_image image=&#8221;215&#8243; img_size=&#8221;full&#8221; css=&#8221;&#8221;][\/vc_column][vc_column width=&#8221;1\/4&#8243;][\/vc_column][\/vc_row]\n<\/div>","protected":false},"excerpt":{"rendered":"[vc_row][vc_column][vc_column_text css=&#8221;.vc_custom_1718402902094{padding-top: 5% !important;padding-bottom: 5% !important;}&#8221;][\/vc_column_text][vc_single_image image=&#8221;26&#8243; img_size=&#8221;full&#8221; css=&#8221;&#8221;][vc_column_text css=&#8221;&#8221;] La mission de Deepdef est de fa\u00e7onner des SI \u00e0 l\u2019\u00e9preuve des cyberattaques. &nbsp; Sp\u00e9cialis\u00e9s dans les environnements clouds et hybrides, nous proposons une offre de s\u00e9curisation globale allant de l\u2019alignement de la strat\u00e9gie cyber jusqu\u2019aux services de s\u00e9curit\u00e9 manag\u00e9s. [\/vc_column_text][\/vc_column][\/vc_row][vc_row][vc_column][\/vc_column][\/vc_row][vc_row css=&#8221;.vc_custom_1718395901337{margin-top: 5% !important;margin-bottom: 5% [&#8230;]\n","protected":false},"author":1,"featured_media":0,"parent":0,"menu_order":0,"comment_status":"closed","ping_status":"closed","template":"","meta":{"sfsi_plus_gutenberg_text_before_share":"","sfsi_plus_gutenberg_show_text_before_share":"","sfsi_plus_gutenberg_icon_type":"","sfsi_plus_gutenberg_icon_alignemt":"","sfsi_plus_gutenburg_max_per_row":"","footnotes":""},"class_list":["post-117","page","type-page","status-publish","hentry"],"_links":{"self":[{"href":"https:\/\/deepdef.quaglia.fr\/index.php\/wp-json\/wp\/v2\/pages\/117","targetHints":{"allow":["GET"]}}],"collection":[{"href":"https:\/\/deepdef.quaglia.fr\/index.php\/wp-json\/wp\/v2\/pages"}],"about":[{"href":"https:\/\/deepdef.quaglia.fr\/index.php\/wp-json\/wp\/v2\/types\/page"}],"author":[{"embeddable":true,"href":"https:\/\/deepdef.quaglia.fr\/index.php\/wp-json\/wp\/v2\/users\/1"}],"replies":[{"embeddable":true,"href":"https:\/\/deepdef.quaglia.fr\/index.php\/wp-json\/wp\/v2\/comments?post=117"}],"version-history":[{"count":110,"href":"https:\/\/deepdef.quaglia.fr\/index.php\/wp-json\/wp\/v2\/pages\/117\/revisions"}],"predecessor-version":[{"id":279,"href":"https:\/\/deepdef.quaglia.fr\/index.php\/wp-json\/wp\/v2\/pages\/117\/revisions\/279"}],"wp:attachment":[{"href":"https:\/\/deepdef.quaglia.fr\/index.php\/wp-json\/wp\/v2\/media?parent=117"}],"curies":[{"name":"wp","href":"https:\/\/api.w.org\/{rel}","templated":true}]}}